{"id":282,"date":"2022-12-19T12:56:44","date_gmt":"2022-12-19T15:56:44","guid":{"rendered":"https:\/\/stipapelcaieiras.com.br\/?page_id=282"},"modified":"2022-12-22T13:17:46","modified_gmt":"2022-12-22T16:17:46","slug":"convencoes","status":"publish","type":"page","link":"https:\/\/stipapelcaieiras.com.br\/?page_id=282","title":{"rendered":"Conven\u00e7\u00f5es"},"content":{"rendered":"\n<figure class=\"wp-block-image size-full\"><img loading=\"lazy\" decoding=\"async\" width=\"800\" height=\"240\" src=\"https:\/\/stipapelcaieiras.com.br\/wp-content\/uploads\/2022\/12\/banner_convencao.png\" alt=\"\" class=\"wp-image-286\" srcset=\"https:\/\/stipapelcaieiras.com.br\/wp-content\/uploads\/2022\/12\/banner_convencao.png 800w, https:\/\/stipapelcaieiras.com.br\/wp-content\/uploads\/2022\/12\/banner_convencao-300x90.png 300w, https:\/\/stipapelcaieiras.com.br\/wp-content\/uploads\/2022\/12\/banner_convencao-768x230.png 768w\" sizes=\"auto, (max-width: 800px) 100vw, 800px\" \/><\/figure>\n\n\n\n<p><strong>2022 | Clique para baixar<\/strong><\/p>\n\n\n\n<p><a rel=\"noreferrer noopener\" href=\"https:\/\/stipapelcaieiras.com.br\/wp-content\/uploads\/2022\/12\/CCT-SIP-PAPEL-2022-2024.pdf\" data-type=\"URL\" data-id=\"https:\/\/stipapelcaieiras.com.br\/wp-content\/uploads\/2022\/12\/CCT-SIP-PAPEL-2022-2024.pdf\" target=\"_blank\">Conven\u00e7\u00e3o Coletiva de Trabalho &#8211; Papel e Celulose<\/a><\/p>\n\n\n\n<p><a href=\"https:\/\/stipapelcaieiras.com.br\/wp-content\/uploads\/2022\/12\/CCT-PAPELAO-ONDULADO-2022-2023-1.pdf\" data-type=\"URL\" data-id=\"https:\/\/stipapelcaieiras.com.br\/wp-content\/uploads\/2022\/12\/CCT-PAPELAO-ONDULADO-2022-2023-1.pdf\" target=\"_blank\" rel=\"noreferrer noopener\">Conven\u00e7\u00e3o Coletiva de Trabalho &#8211; Papel\u00e3o Ondulado<\/a><\/p>\n\n\n\n<p><a rel=\"noreferrer noopener\" href=\"https:\/\/stipapelcaieiras.com.br\/wp-content\/uploads\/2022\/12\/CCT-ARTEFATOS-2022-2023-1.pdf\" data-type=\"URL\" data-id=\"https:\/\/stipapelcaieiras.com.br\/wp-content\/uploads\/2022\/12\/CCT-ARTEFATOS-2022-2023-1.pdf\" target=\"_blank\">Conven\u00e7\u00e3o Coletiva de Trabalho &#8211; Artefatos<\/a><\/p>\n\n\n\n<p><strong>2021 | Clique para baixar<\/strong><\/p>\n\n\n\n<p><strong>2020 | Clique para baixar<\/strong><\/p>\n","protected":false},"excerpt":{"rendered":"<p>2022 | Clique para baixar Conven\u00e7\u00e3o Coletiva de Trabalho &#8211; Papel e Celulose Conven\u00e7\u00e3o Coletiva de Trabalho &#8211; Papel\u00e3o Ondulado Conven\u00e7\u00e3o Coletiva de Trabalho &#8211; [&#8230;]<\/p>\n","protected":false},"author":1,"featured_media":0,"parent":0,"menu_order":0,"comment_status":"closed","ping_status":"closed","template":"","meta":{"footnotes":""},"class_list":["post-282","page","type-page","status-publish","hentry"],"_links":{"self":[{"href":"https:\/\/stipapelcaieiras.com.br\/index.php?rest_route=\/wp\/v2\/pages\/282","targetHints":{"allow":["GET"]}}],"collection":[{"href":"https:\/\/stipapelcaieiras.com.br\/index.php?rest_route=\/wp\/v2\/pages"}],"about":[{"href":"https:\/\/stipapelcaieiras.com.br\/index.php?rest_route=\/wp\/v2\/types\/page"}],"author":[{"embeddable":true,"href":"https:\/\/stipapelcaieiras.com.br\/index.php?rest_route=\/wp\/v2\/users\/1"}],"replies":[{"embeddable":true,"href":"https:\/\/stipapelcaieiras.com.br\/index.php?rest_route=%2Fwp%2Fv2%2Fcomments&post=282"}],"version-history":[{"count":9,"href":"https:\/\/stipapelcaieiras.com.br\/index.php?rest_route=\/wp\/v2\/pages\/282\/revisions"}],"predecessor-version":[{"id":347,"href":"https:\/\/stipapelcaieiras.com.br\/index.php?rest_route=\/wp\/v2\/pages\/282\/revisions\/347"}],"wp:attachment":[{"href":"https:\/\/stipapelcaieiras.com.br\/index.php?rest_route=%2Fwp%2Fv2%2Fmedia&parent=282"}],"curies":[{"name":"wp","href":"https:\/\/api.w.org\/{rel}","templated":true}]}}