{"id":26,"date":"2022-12-06T20:41:22","date_gmt":"2022-12-06T23:41:22","guid":{"rendered":"http:\/\/stipapelcaieiras.com.br\/?page_id=26"},"modified":"2022-12-06T20:41:22","modified_gmt":"2022-12-06T23:41:22","slug":"presidentes","status":"publish","type":"page","link":"https:\/\/stipapelcaieiras.com.br\/?page_id=26","title":{"rendered":"Presidentes"},"content":{"rendered":"\n<p><strong>Os presidentes<\/strong><\/p>\n\n\n\n<p><strong>Presidentes:<\/strong><\/p>\n\n\n\n<p>1937 \u00e0 1937: Constantino Toigo;<br>1938 \u00e0 1938: Leopoldo Ziggiotti;<br>1939 \u00e01941: Ricardo Zerbinatti;<br>1942 \u00e01943: Antonio Siqueira Branco;<br>1944 \u00e0 1945: Bento Rodrigues;<br>1946 \u00e0 1950: Francisco de Assis Fernandes;<br>1951 \u00e0 1953: Vit\u00f3rio Rossi;<br>1954 \u00e0 1954: Tomaz Parizotto;<br>1955 \u00e0 1956: Francisco Foscarini;<br>1957 \u00e0 1957: Vit\u00f3rio Rossi;<br>1958 \u00e0 1959: Greg\u00f3rio Jos\u00e9 de Souza;<br>1960 \u00e01962: Domingos Cyriaco;<br>1963 \u00e0 1964: Ubaldo Pastro;<br>1965 \u00e0 1966: Fioravante S\u00e1lvio;<br>1967 \u00e0 1970: Rubens Pereira da Cruz;<br>1971 \u00e0 1986: Daniel Rodrigues Gil;<br>1987 \u00e0 1994: Waldomiro Boschetto;<br>1995 \u00e0 2018: Alonso Bonfim de\u00a0<br>2018 at\u00e9 a presente data: Anderson Cardoso (Chic\u00e3o)<\/p>\n","protected":false},"excerpt":{"rendered":"<p>Os presidentes Presidentes: 1937 \u00e0 1937: Constantino Toigo;1938 \u00e0 1938: Leopoldo Ziggiotti;1939 \u00e01941: Ricardo Zerbinatti;1942 \u00e01943: Antonio Siqueira Branco;1944 \u00e0 1945: Bento Rodrigues;1946 \u00e0 1950: [&#8230;]<\/p>\n","protected":false},"author":1,"featured_media":0,"parent":0,"menu_order":0,"comment_status":"closed","ping_status":"closed","template":"","meta":{"footnotes":""},"class_list":["post-26","page","type-page","status-publish","hentry"],"_links":{"self":[{"href":"https:\/\/stipapelcaieiras.com.br\/index.php?rest_route=\/wp\/v2\/pages\/26","targetHints":{"allow":["GET"]}}],"collection":[{"href":"https:\/\/stipapelcaieiras.com.br\/index.php?rest_route=\/wp\/v2\/pages"}],"about":[{"href":"https:\/\/stipapelcaieiras.com.br\/index.php?rest_route=\/wp\/v2\/types\/page"}],"author":[{"embeddable":true,"href":"https:\/\/stipapelcaieiras.com.br\/index.php?rest_route=\/wp\/v2\/users\/1"}],"replies":[{"embeddable":true,"href":"https:\/\/stipapelcaieiras.com.br\/index.php?rest_route=%2Fwp%2Fv2%2Fcomments&post=26"}],"version-history":[{"count":1,"href":"https:\/\/stipapelcaieiras.com.br\/index.php?rest_route=\/wp\/v2\/pages\/26\/revisions"}],"predecessor-version":[{"id":27,"href":"https:\/\/stipapelcaieiras.com.br\/index.php?rest_route=\/wp\/v2\/pages\/26\/revisions\/27"}],"wp:attachment":[{"href":"https:\/\/stipapelcaieiras.com.br\/index.php?rest_route=%2Fwp%2Fv2%2Fmedia&parent=26"}],"curies":[{"name":"wp","href":"https:\/\/api.w.org\/{rel}","templated":true}]}}