{"id":21,"date":"2022-12-06T20:32:20","date_gmt":"2022-12-06T23:32:20","guid":{"rendered":"http:\/\/stipapelcaieiras.com.br\/?page_id=21"},"modified":"2022-12-06T22:22:10","modified_gmt":"2022-12-07T01:22:10","slug":"nossa-historia","status":"publish","type":"page","link":"https:\/\/stipapelcaieiras.com.br\/?page_id=21","title":{"rendered":"Nossa Hist\u00f3ria"},"content":{"rendered":"\n<figure class=\"wp-block-image size-full\"><img loading=\"lazy\" decoding=\"async\" width=\"709\" height=\"494\" src=\"https:\/\/stipapelcaieiras.com.br\/wp-content\/uploads\/2022\/12\/0000016977.jpg\" alt=\"\" class=\"wp-image-22\" srcset=\"https:\/\/stipapelcaieiras.com.br\/wp-content\/uploads\/2022\/12\/0000016977.jpg 709w, https:\/\/stipapelcaieiras.com.br\/wp-content\/uploads\/2022\/12\/0000016977-300x209.jpg 300w\" sizes=\"auto, (max-width: 709px) 100vw, 709px\" \/><\/figure>\n\n\n\n<p><\/p>\n\n\n\n<p>A cidade de Caieiras sempre esteve marcada pelas imensas planta\u00e7\u00f5es de pinheirais que alimentam a ind\u00fastria papeleira instalada na cidade. A cidade inclusive \u00e9 considerada um p\u00f3lo da ind\u00fastria papeleira. Com proje\u00e7\u00e3o nacional, esse ramo de atividade emprega atualmente, cerca de 3000 funcion\u00e1rios e \u00e9 refer\u00eancia no quesito, uma vez que mant\u00e9m em suas terras, umas das mais antigas instala\u00e7\u00f5es de fabrica\u00e7\u00e3o de pap\u00e9is do Brasil.<\/p>\n\n\n\n<p>A hist\u00f3ria do Sindicato dos Papeleiros de Caieiras se inicia em meados de 1937 quando o mesmo foi fundado. Em 1956 o Sindicato teve membros da diretoria atuando como vogal da Junta de Concilia\u00e7\u00e3o e Julgamento e em 23 de agosto de 1960, foi criado o 1\u00ba Contrato Coletivo de Trabalho, celebrado entre o Sindicato e a Companhia Melhoramentos.<\/p>\n\n\n\n<p>Desde ent\u00e3o os trabalhadores da ind\u00fastria, tem no sindicato e em sua diretoria um apoio incondicional para defender os interesses dos trabalhadores.&nbsp;<\/p>\n\n\n\n<p>O primeiro item da ordem era a discuss\u00e3o e cria\u00e7\u00e3o do Primeiro Contrato Coletivo de Trabalho celebrado entre o Sindicato e a Companhia Melhoramentos, representada pelos Srs. Henrique Vilaboim e Hasso Weizflog, respectivamente Diretor Presidente e Diretor Superintendente. Pelo Sindicato: Domingos Cyriaco. Thomaz Parizotto e Alcides Moino, respectivamente Presidente, Secret\u00e1rio e Tesoureiro do sindicato \u00e0 \u00e9poca.&nbsp;<\/p>\n\n\n\n<p>As cl\u00e1usulas foram as seguintes:<\/p>\n\n\n\n<p><strong>I DO ABONO FAMILIAR<br>II DAS CASAS DE MORADIA<br>III DA COOPERA\u00c7\u00c3O DOS REPRESENTANTES DO SINDICATO<br>IV DAS HORAS EXTRAS<br>V DAS TAREFAS E PR\u00caMIOS<br>VI DA DEMISS\u00c3O DE EMPREGADOS<br>VII DA REMO\u00c7\u00c3O DO PESSOAL<br>VIII DA COLOCA\u00c7\u00c3O DE TRABALHADORES<br>IX DA EXTIN\u00c7\u00c3O DE INC\u00caNDIOS<br>X DA DURA\u00c7\u00c3O DO CONTRATO<\/strong><\/p>\n\n\n\n<figure class=\"wp-block-image size-full\"><img loading=\"lazy\" decoding=\"async\" width=\"472\" height=\"331\" src=\"https:\/\/stipapelcaieiras.com.br\/wp-content\/uploads\/2022\/12\/tela-1a.jpg\" alt=\"\" class=\"wp-image-38\" srcset=\"https:\/\/stipapelcaieiras.com.br\/wp-content\/uploads\/2022\/12\/tela-1a.jpg 472w, https:\/\/stipapelcaieiras.com.br\/wp-content\/uploads\/2022\/12\/tela-1a-300x210.jpg 300w\" sizes=\"auto, (max-width: 472px) 100vw, 472px\" \/><\/figure>\n\n\n\n<p>Em 1967, com a introdu\u00e7\u00e3o do sistema FGTS e com o t\u00e9rmino da estabilidade para os funcion\u00e1rios que ainda n\u00e3o tinham conquistado o direito, foi um per\u00edodo de muita luta para o Sindicato. Nesse mesmo ano o Sindicato conseguiu, junto \u00e0 empresa, implantar o P.E.B.E &#8211; Programa Especial de Bolsas de Estudo. Para fazer jus ao benef\u00edcio o associado teria que ter, pelo menos, 50% de frequ\u00eancia nas assembl\u00e9ias e fazer com que os filhos tivessem no m\u00ednimo m\u00e9dia 6.0 na escola, tudo aprovado na Assembl\u00e9ia Geral.<\/p>\n","protected":false},"excerpt":{"rendered":"<p>A cidade de Caieiras sempre esteve marcada pelas imensas planta\u00e7\u00f5es de pinheirais que alimentam a ind\u00fastria papeleira instalada na cidade. A cidade inclusive \u00e9 considerada [&#8230;]<\/p>\n","protected":false},"author":1,"featured_media":0,"parent":0,"menu_order":0,"comment_status":"closed","ping_status":"closed","template":"","meta":{"footnotes":""},"class_list":["post-21","page","type-page","status-publish","hentry"],"_links":{"self":[{"href":"https:\/\/stipapelcaieiras.com.br\/index.php?rest_route=\/wp\/v2\/pages\/21","targetHints":{"allow":["GET"]}}],"collection":[{"href":"https:\/\/stipapelcaieiras.com.br\/index.php?rest_route=\/wp\/v2\/pages"}],"about":[{"href":"https:\/\/stipapelcaieiras.com.br\/index.php?rest_route=\/wp\/v2\/types\/page"}],"author":[{"embeddable":true,"href":"https:\/\/stipapelcaieiras.com.br\/index.php?rest_route=\/wp\/v2\/users\/1"}],"replies":[{"embeddable":true,"href":"https:\/\/stipapelcaieiras.com.br\/index.php?rest_route=%2Fwp%2Fv2%2Fcomments&post=21"}],"version-history":[{"count":2,"href":"https:\/\/stipapelcaieiras.com.br\/index.php?rest_route=\/wp\/v2\/pages\/21\/revisions"}],"predecessor-version":[{"id":39,"href":"https:\/\/stipapelcaieiras.com.br\/index.php?rest_route=\/wp\/v2\/pages\/21\/revisions\/39"}],"wp:attachment":[{"href":"https:\/\/stipapelcaieiras.com.br\/index.php?rest_route=%2Fwp%2Fv2%2Fmedia&parent=21"}],"curies":[{"name":"wp","href":"https:\/\/api.w.org\/{rel}","templated":true}]}}