{"id":2,"date":"2022-10-12T15:11:07","date_gmt":"2022-10-12T18:11:07","guid":{"rendered":"http:\/\/stipapelcaieiras.com.br\/?page_id=2"},"modified":"2022-12-06T20:25:26","modified_gmt":"2022-12-06T23:25:26","slug":"pagina-exemplo","status":"publish","type":"page","link":"https:\/\/stipapelcaieiras.com.br\/?page_id=2","title":{"rendered":"Sindicato dos Papeleiros lutas e conquistas em prol do povo trabalhador"},"content":{"rendered":"\n<p>A cidade de Caieiras sempre esteve marcada pelas imensas planta\u00e7\u00f5es de pinheirais que alimentam a ind\u00fastria papeleira instalada na cidade. A cidade inclusive \u00e9 considerada um p\u00f3lo da ind\u00fastria papeleira. Com proje\u00e7\u00e3o nacional, esse ramo de atividade emprega atualmente, cerca de 3000 funcion\u00e1rios e \u00e9 refer\u00eancia no quesito, uma vez que mant\u00e9m em suas terras, umas das mais antigas instala\u00e7\u00f5es de fabrica\u00e7\u00e3o de pap\u00e9is do Brasil.<\/p>\n","protected":false},"excerpt":{"rendered":"<p>A cidade de Caieiras sempre esteve marcada pelas imensas planta\u00e7\u00f5es de pinheirais que alimentam a ind\u00fastria papeleira instalada na cidade. A cidade inclusive \u00e9 considerada [&#8230;]<\/p>\n","protected":false},"author":1,"featured_media":0,"parent":0,"menu_order":0,"comment_status":"closed","ping_status":"open","template":"","meta":{"footnotes":""},"class_list":["post-2","page","type-page","status-publish","hentry"],"_links":{"self":[{"href":"https:\/\/stipapelcaieiras.com.br\/index.php?rest_route=\/wp\/v2\/pages\/2","targetHints":{"allow":["GET"]}}],"collection":[{"href":"https:\/\/stipapelcaieiras.com.br\/index.php?rest_route=\/wp\/v2\/pages"}],"about":[{"href":"https:\/\/stipapelcaieiras.com.br\/index.php?rest_route=\/wp\/v2\/types\/page"}],"author":[{"embeddable":true,"href":"https:\/\/stipapelcaieiras.com.br\/index.php?rest_route=\/wp\/v2\/users\/1"}],"replies":[{"embeddable":true,"href":"https:\/\/stipapelcaieiras.com.br\/index.php?rest_route=%2Fwp%2Fv2%2Fcomments&post=2"}],"version-history":[{"count":2,"href":"https:\/\/stipapelcaieiras.com.br\/index.php?rest_route=\/wp\/v2\/pages\/2\/revisions"}],"predecessor-version":[{"id":20,"href":"https:\/\/stipapelcaieiras.com.br\/index.php?rest_route=\/wp\/v2\/pages\/2\/revisions\/20"}],"wp:attachment":[{"href":"https:\/\/stipapelcaieiras.com.br\/index.php?rest_route=%2Fwp%2Fv2%2Fmedia&parent=2"}],"curies":[{"name":"wp","href":"https:\/\/api.w.org\/{rel}","templated":true}]}}